{"id":47,"date":"2020-03-22T14:15:26","date_gmt":"2020-03-22T13:15:26","guid":{"rendered":"https:\/\/endoyellow.com\/?page_id=47"},"modified":"2020-03-22T22:09:58","modified_gmt":"2020-03-22T21:09:58","slug":"endojournal","status":"publish","type":"page","link":"https:\/\/endoyellow.com\/index.php\/endojournal\/","title":{"rendered":"Mon EndoJournal"},"content":{"rendered":"\t\t<div data-elementor-type=\"wp-page\" data-elementor-id=\"47\" class=\"elementor elementor-47\">\n\t\t\t\t\t\t<section class=\"elementor-section elementor-top-section elementor-element elementor-element-35e007e elementor-section-boxed elementor-section-height-default elementor-section-height-default\" data-id=\"35e007e\" data-element_type=\"section\">\n\t\t\t\t\t\t<div class=\"elementor-container elementor-column-gap-default\">\n\t\t\t\t\t<div class=\"elementor-column elementor-col-100 elementor-top-column elementor-element elementor-element-49a3c25\" data-id=\"49a3c25\" data-element_type=\"column\">\n\t\t\t<div class=\"elementor-widget-wrap elementor-element-populated\">\n\t\t\t\t\t\t<div class=\"elementor-element elementor-element-2336eab elementor-widget elementor-widget-text-editor\" data-id=\"2336eab\" data-element_type=\"widget\" data-widget_type=\"text-editor.default\">\n\t\t\t\t<div class=\"elementor-widget-container\">\n\t\t\t\t\t\t\t<p>Pour apprendre \u00e0 mieux vivre avec l&rsquo;endom\u00e9triose, je t&rsquo;invite \u00e0 remplir au quotidien un journal r\u00e9unissant tes sympt\u00f4mes, tes traitements, tes envies, tes objectifs, ton alimentation, ton activit\u00e9 physique et tes bons moments.\u00a0<\/p>\n<p>Le concept ? Prendre 5 minutes chaque jour pour apprendre \u00e0 mieux se conna\u00eetre pour mieux g\u00e9rer ton endom\u00e9triose et rester positive. Il suffit de remplir la trame de page quotidienne qui reprend tous ces \u00e9l\u00e9ments.<\/p>\n<p>Si tu souhaites te lancer, je t&rsquo;invite \u00e0 t\u00e9l\u00e9charger la page journali\u00e8re de mon EndoJournal gratuitement ci-dessous. Pour cela, il suffit de t&rsquo;inscrire \u00e0 la newsletter endoyellow, d&rsquo;imprimer le mod\u00e8le et de te munir de ton plus beau stylo. C&rsquo;est tout !\u00a0<\/p>\t\t\t\t\t\t<\/div>\n\t\t\t\t<\/div>\n\t\t\t\t\t<\/div>\n\t\t<\/div>\n\t\t\t\t\t<\/div>\n\t\t<\/section>\n\t\t\t\t<section class=\"elementor-section elementor-top-section elementor-element elementor-element-bc2ceff elementor-section-boxed elementor-section-height-default elementor-section-height-default\" data-id=\"bc2ceff\" data-element_type=\"section\">\n\t\t\t\t\t\t<div class=\"elementor-container elementor-column-gap-default\">\n\t\t\t\t\t<div class=\"elementor-column elementor-col-16 elementor-top-column elementor-element elementor-element-8c15104\" data-id=\"8c15104\" data-element_type=\"column\">\n\t\t\t<div class=\"elementor-widget-wrap\">\n\t\t\t\t\t\t\t<\/div>\n\t\t<\/div>\n\t\t\t\t<div class=\"elementor-column elementor-col-66 elementor-top-column elementor-element elementor-element-7eb8ca9\" data-id=\"7eb8ca9\" data-element_type=\"column\">\n\t\t\t<div class=\"elementor-widget-wrap elementor-element-populated\">\n\t\t\t\t\t\t<div class=\"elementor-element elementor-element-0a7857f elementor-widget elementor-widget-shortcode\" data-id=\"0a7857f\" data-element_type=\"widget\" data-widget_type=\"shortcode.default\">\n\t\t\t\t<div class=\"elementor-widget-container\">\n\t\t\t\t\t<div class=\"elementor-shortcode\">  \n  \n  <div class=\"\n    mailpoet_form_popup_overlay\n      \"><\/div>\n  <div\n    id=\"mailpoet_form_2\"\n    class=\"\n      mailpoet_form\n      mailpoet_form_shortcode\n      mailpoet_form_position_\n      mailpoet_form_animation_\n    \"\n      >\n\n    <style type=\"text\/css\">\n     #mailpoet_form_2 .mailpoet_form { padding: 10px; }\n#mailpoet_form_2 .mailpoet_column_with_background { padding: 10px; }\n#mailpoet_form_2 .mailpoet_form_column:not(:first-child) { margin-left: 20px; }\n#mailpoet_form_2 .mailpoet_paragraph { line-height: 20px; margin-bottom: 20px; }\n#mailpoet_form_2 .mailpoet_segment_label, #mailpoet_form_2 .mailpoet_text_label, #mailpoet_form_2 .mailpoet_textarea_label, #mailpoet_form_2 .mailpoet_select_label, #mailpoet_form_2 .mailpoet_radio_label, #mailpoet_form_2 .mailpoet_checkbox_label, #mailpoet_form_2 .mailpoet_list_label, #mailpoet_form_2 .mailpoet_date_label { display: block; font-weight: normal; }\n#mailpoet_form_2 .mailpoet_text, #mailpoet_form_2 .mailpoet_textarea, #mailpoet_form_2 .mailpoet_select, #mailpoet_form_2 .mailpoet_date_month, #mailpoet_form_2 .mailpoet_date_day, #mailpoet_form_2 .mailpoet_date_year, #mailpoet_form_2 .mailpoet_date { display: block; }\n#mailpoet_form_2 .mailpoet_text, #mailpoet_form_2 .mailpoet_textarea { width: 100%; }\n#mailpoet_form_2 .mailpoet_checkbox {  }\n#mailpoet_form_2 .mailpoet_submit {  }\n#mailpoet_form_2 .mailpoet_divider {  }\n#mailpoet_form_2 .mailpoet_message {  }\n#mailpoet_form_2 .mailpoet_validate_success { font-weight: 600; color: #468847; }\n#mailpoet_form_2 .mailpoet_validate_error { color: #b94a48; }\n#mailpoet_form_2 .mailpoet_form_loading { width: 30px; text-align: center; line-height: normal; }\n#mailpoet_form_2 .mailpoet_form_loading > span { width: 5px; height: 5px; background-color: #5b5b5b; }#mailpoet_form_2{background: #ffdf2b;}#mailpoet_form_2 .mailpoet_message {margin: 0; padding: 0 20px;}#mailpoet_form_2 .mailpoet_paragraph.last {margin-bottom: 0} @media (max-width: 500px) {#mailpoet_form_2 {background: #ffdf2b;}} @media (min-width: 500px) {#mailpoet_form_2 .last .mailpoet_paragraph:last-child {margin-bottom: 0}}  @media (max-width: 500px) {#mailpoet_form_2 .mailpoet_form_column:last-child .mailpoet_paragraph:last-child {margin-bottom: 0}} \n    <\/style>\n\n    <form\n      target=\"_self\"\n      method=\"post\"\n      action=\"https:\/\/endoyellow.com\/wp-admin\/admin-post.php?action=mailpoet_subscription_form\"\n      class=\"mailpoet_form mailpoet_form_form mailpoet_form_shortcode\"\n      novalidate\n      data-delay=\"\"\n      data-exit-intent-enabled=\"\"\n      data-font-family=\"\"\n      data-cookie-expiration-time=\"\"\n    >\n      <input type=\"hidden\" name=\"data[form_id]\" value=\"2\" \/>\n      <input type=\"hidden\" name=\"token\" value=\"99e487adb1\" \/>\n      <input type=\"hidden\" name=\"api_version\" value=\"v1\" \/>\n      <input type=\"hidden\" name=\"endpoint\" value=\"subscribers\" \/>\n      <input type=\"hidden\" name=\"mailpoet_method\" value=\"subscribe\" \/>\n\n      <label class=\"mailpoet_hp_email_label\" style=\"display: none !important;\">Veuillez laisser ce champ vide<input type=\"email\" name=\"data[email]\"\/><\/label><h3 class=\"mailpoet-heading \" style=\"text-align: center; color: #313131\">Abonne-toi \u00e0 ma newsletter<\/h3>\n<h5 class=\"mailpoet-heading \" style=\"text-align: center; color: #313131\">et re\u00e7ois gratuitement un extrait de mon EndoJournal par mail<\/h5>\n<div class=\"mailpoet_paragraph\"><label for=\"form_first_name_2\" class=\"mailpoet_text_label\"  data-automation-id=\"form_first_name_label\" >Pr\u00e9nom<\/label><input type=\"text\" autocomplete=\"given-name\" class=\"mailpoet_text\" id=\"form_first_name_2\" name=\"data[form_field_N2FhMmQ3Y2M5MTQwX2ZpcnN0X25hbWU=]\" title=\"Pr\u00e9nom\" value=\"\" data-automation-id=\"form_first_name\" data-parsley-errors-container=\".mailpoet_error_v1izx\" data-parsley-names='[&quot;Veuillez sp\u00e9cifier un nom valide.&quot;,&quot;Les adresses dans les noms ne sont pas autoris\u00e9es, veuillez ajouter votre nom \u00e0 la place.&quot;]'\/><span class=\"mailpoet_error_v1izx\"><\/span><\/div>\n<div class=\"mailpoet_paragraph\"><label for=\"form_email_2\" class=\"mailpoet_text_label\"  data-automation-id=\"form_email_label\" >E-mail <span class=\"mailpoet_required\" aria-hidden=\"true\">*<\/span><\/label><input type=\"email\" autocomplete=\"email\" class=\"mailpoet_text\" id=\"form_email_2\" name=\"data[form_field_YTRkNWJjN2YwY2E5X2VtYWls]\" title=\"E-mail\" value=\"\" data-automation-id=\"form_email\" data-parsley-errors-container=\".mailpoet_error_t2bo5\" data-parsley-required=\"true\" required aria-required=\"true\" data-parsley-minlength=\"6\" data-parsley-maxlength=\"150\" data-parsley-type-message=\"Cette valeur doit \u00eatre un e-mail valide.\" data-parsley-required-message=\"Ce champ est n\u00e9cessaire.\"\/><span class=\"mailpoet_error_t2bo5\"><\/span><\/div>\n<div class=\"mailpoet_paragraph\"><input type=\"submit\" class=\"mailpoet_submit\" value=\"Je m&#039;abonne !\" data-automation-id=\"subscribe-submit-button\" style=\"border-color:transparent;\" \/><span class=\"mailpoet_form_loading\"><span class=\"mailpoet_bounce1\"><\/span><span class=\"mailpoet_bounce2\"><\/span><span class=\"mailpoet_bounce3\"><\/span><\/span><\/div>\n\n      <div class=\"mailpoet_message\">\n        <p class=\"mailpoet_validate_success\"\n                style=\"display:none;\"\n                >Vous vous \u00eates bien abonn\u00e9\u00b7e \u00e0 notre newsletter !\n        <\/p>\n        <p class=\"mailpoet_validate_error\"\n                style=\"display:none;\"\n                >        <\/p>\n      <\/div>\n    <\/form>\n\n      <\/div>\n\n  <\/div>\n\t\t\t\t<\/div>\n\t\t\t\t<\/div>\n\t\t\t\t\t<\/div>\n\t\t<\/div>\n\t\t\t\t<div class=\"elementor-column elementor-col-16 elementor-top-column elementor-element elementor-element-fbd4371\" data-id=\"fbd4371\" data-element_type=\"column\">\n\t\t\t<div class=\"elementor-widget-wrap\">\n\t\t\t\t\t\t\t<\/div>\n\t\t<\/div>\n\t\t\t\t\t<\/div>\n\t\t<\/section>\n\t\t\t\t<section class=\"elementor-section elementor-top-section elementor-element elementor-element-e34a17d elementor-section-boxed elementor-section-height-default elementor-section-height-default\" data-id=\"e34a17d\" data-element_type=\"section\">\n\t\t\t\t\t\t<div class=\"elementor-container elementor-column-gap-default\">\n\t\t\t\t\t<div class=\"elementor-column elementor-col-100 elementor-top-column elementor-element elementor-element-e92f61d\" data-id=\"e92f61d\" data-element_type=\"column\">\n\t\t\t<div class=\"elementor-widget-wrap elementor-element-populated\">\n\t\t\t\t\t\t<div class=\"elementor-element elementor-element-63cb62b elementor-align-center elementor-widget elementor-widget-button\" data-id=\"63cb62b\" data-element_type=\"widget\" data-widget_type=\"button.default\">\n\t\t\t\t<div class=\"elementor-widget-container\">\n\t\t\t\t\t\t\t<div class=\"elementor-button-wrapper\">\n\t\t\t\t\t<a class=\"elementor-button elementor-button-link elementor-size-sm\" href=\"https:\/\/endoyellow.com\/index.php\/a-propos\/\" target=\"_blank\">\n\t\t\t\t\t\t<span class=\"elementor-button-content-wrapper\">\n\t\t\t\t\t\t\t\t\t<span class=\"elementor-button-text\">Tu veux en savoir plus sur endoyellow.com ? Clique ici<\/span>\n\t\t\t\t\t<\/span>\n\t\t\t\t\t<\/a>\n\t\t\t\t<\/div>\n\t\t\t\t\t\t<\/div>\n\t\t\t\t<\/div>\n\t\t\t\t\t<\/div>\n\t\t<\/div>\n\t\t\t\t\t<\/div>\n\t\t<\/section>\n\t\t\t\t<section class=\"elementor-section elementor-top-section elementor-element elementor-element-e885132 elementor-section-boxed elementor-section-height-default elementor-section-height-default\" data-id=\"e885132\" data-element_type=\"section\">\n\t\t\t\t\t\t<div class=\"elementor-container elementor-column-gap-default\">\n\t\t\t\t\t<div class=\"elementor-column elementor-col-100 elementor-top-column elementor-element elementor-element-1ec2354\" data-id=\"1ec2354\" data-element_type=\"column\">\n\t\t\t<div class=\"elementor-widget-wrap elementor-element-populated\">\n\t\t\t\t\t\t<div class=\"elementor-element elementor-element-4a16226 elementor-shape-circle elementor-grid-0 e-grid-align-center elementor-widget elementor-widget-social-icons\" data-id=\"4a16226\" data-element_type=\"widget\" data-widget_type=\"social-icons.default\">\n\t\t\t\t<div class=\"elementor-widget-container\">\n\t\t\t\t\t<div class=\"elementor-social-icons-wrapper elementor-grid\">\n\t\t\t\t\t\t\t<span class=\"elementor-grid-item\">\n\t\t\t\t\t<a class=\"elementor-icon elementor-social-icon elementor-social-icon-twitter elementor-repeater-item-499eefb\" href=\"https:\/\/twitter.com\/endoyellow\" target=\"_blank\">\n\t\t\t\t\t\t<span class=\"elementor-screen-only\">Twitter<\/span>\n\t\t\t\t\t\t<i class=\"fab fa-twitter\"><\/i>\t\t\t\t\t<\/a>\n\t\t\t\t<\/span>\n\t\t\t\t\t\t\t<span class=\"elementor-grid-item\">\n\t\t\t\t\t<a class=\"elementor-icon elementor-social-icon elementor-social-icon-rss elementor-repeater-item-b37dbde\" href=\"http:\/\/www.endoyellow.com\/feed\" target=\"_blank\">\n\t\t\t\t\t\t<span class=\"elementor-screen-only\">Rss<\/span>\n\t\t\t\t\t\t<i class=\"fas fa-rss\"><\/i>\t\t\t\t\t<\/a>\n\t\t\t\t<\/span>\n\t\t\t\t\t\t\t<span class=\"elementor-grid-item\">\n\t\t\t\t\t<a class=\"elementor-icon elementor-social-icon elementor-social-icon-instagram elementor-repeater-item-b566527\" href=\"https:\/\/www.instagram.com\/endoyellow\/\" target=\"_blank\">\n\t\t\t\t\t\t<span class=\"elementor-screen-only\">Instagram<\/span>\n\t\t\t\t\t\t<i class=\"fab fa-instagram\"><\/i>\t\t\t\t\t<\/a>\n\t\t\t\t<\/span>\n\t\t\t\t\t<\/div>\n\t\t\t\t<\/div>\n\t\t\t\t<\/div>\n\t\t\t\t\t<\/div>\n\t\t<\/div>\n\t\t\t\t\t<\/div>\n\t\t<\/section>\n\t\t\t\t<\/div>\n\t\t","protected":false},"excerpt":{"rendered":"<p>Pour apprendre \u00e0 mieux vivre avec l&rsquo;endom\u00e9triose, je t&rsquo;invite \u00e0 remplir au quotidien un journal r\u00e9unissant tes sympt\u00f4mes, tes traitements, tes envies, tes objectifs, ton alimentation, ton activit\u00e9 physique et tes bons moments.&nbsp; Le concept ? Prendre 5 minutes chaque jour pour apprendre \u00e0 mieux se conna\u00eetre pour mieux g\u00e9rer ton endom\u00e9triose et rester positive. &hellip;<\/p>\n<p class=\"read-more\"> <a class=\"\" href=\"https:\/\/endoyellow.com\/index.php\/endojournal\/\"> <span class=\"screen-reader-text\">Mon EndoJournal<\/span> Lire la suite\u00a0\u00bb<\/a><\/p>\n","protected":false},"author":1,"featured_media":444,"parent":0,"menu_order":0,"comment_status":"closed","ping_status":"closed","template":"","meta":{"om_disable_all_campaigns":false,"_monsterinsights_skip_tracking":false,"_monsterinsights_sitenote_active":false,"_monsterinsights_sitenote_note":"","_monsterinsights_sitenote_category":0,"footnotes":""},"class_list":["post-47","page","type-page","status-publish","has-post-thumbnail","hentry"],"yoast_head":"<!-- This site is optimized with the Yoast SEO plugin v23.9 - https:\/\/yoast.com\/wordpress\/plugins\/seo\/ -->\n<title>Mon EndoJournal - endoyellow<\/title>\n<meta name=\"description\" content=\"Pour mieux vivre avec ton endom\u00e9triose, voici un journal r\u00e9unissant tes sympt\u00f4mes, traitements, envies, repas, activit\u00e9s, ...et tes petits bonheurs !\" \/>\n<meta name=\"robots\" content=\"index, follow, max-snippet:-1, max-image-preview:large, max-video-preview:-1\" \/>\n<link rel=\"canonical\" href=\"https:\/\/endoyellow.com\/index.php\/endojournal\/\" \/>\n<meta property=\"og:locale\" content=\"fr_FR\" \/>\n<meta property=\"og:type\" content=\"article\" \/>\n<meta property=\"og:title\" content=\"Mon EndoJournal - endoyellow\" \/>\n<meta property=\"og:description\" content=\"Pour mieux vivre avec ton endom\u00e9triose, voici un journal r\u00e9unissant tes sympt\u00f4mes, traitements, envies, repas, activit\u00e9s, ...et tes petits bonheurs !\" \/>\n<meta property=\"og:url\" content=\"https:\/\/endoyellow.com\/index.php\/endojournal\/\" \/>\n<meta property=\"og:site_name\" content=\"endoyellow\" \/>\n<meta property=\"article:modified_time\" content=\"2020-03-22T21:09:58+00:00\" \/>\n<meta property=\"og:image\" content=\"https:\/\/endoyellow.com\/wp-content\/uploads\/2020\/03\/endoyellow.com-EndoJournal-Photo-by-Bookblock-on-Unsplash.jpg\" \/>\n\t<meta property=\"og:image:width\" content=\"1024\" \/>\n\t<meta property=\"og:image:height\" content=\"512\" \/>\n\t<meta property=\"og:image:type\" content=\"image\/jpeg\" \/>\n<meta name=\"twitter:card\" content=\"summary_large_image\" \/>\n<meta name=\"twitter:site\" content=\"@endoyellow\" \/>\n<meta name=\"twitter:label1\" content=\"Dur\u00e9e de lecture estim\u00e9e\" \/>\n\t<meta name=\"twitter:data1\" content=\"1 minute\" \/>\n<script type=\"application\/ld+json\" class=\"yoast-schema-graph\">{\"@context\":\"https:\/\/schema.org\",\"@graph\":[{\"@type\":\"WebPage\",\"@id\":\"https:\/\/endoyellow.com\/index.php\/endojournal\/\",\"url\":\"https:\/\/endoyellow.com\/index.php\/endojournal\/\",\"name\":\"Mon EndoJournal - endoyellow\",\"isPartOf\":{\"@id\":\"http:\/\/endoyellow.com\/#website\"},\"primaryImageOfPage\":{\"@id\":\"https:\/\/endoyellow.com\/index.php\/endojournal\/#primaryimage\"},\"image\":{\"@id\":\"https:\/\/endoyellow.com\/index.php\/endojournal\/#primaryimage\"},\"thumbnailUrl\":\"https:\/\/endoyellow.com\/wp-content\/uploads\/2020\/03\/endoyellow.com-EndoJournal-Photo-by-Bookblock-on-Unsplash.jpg\",\"datePublished\":\"2020-03-22T13:15:26+00:00\",\"dateModified\":\"2020-03-22T21:09:58+00:00\",\"description\":\"Pour mieux vivre avec ton endom\u00e9triose, voici un journal r\u00e9unissant tes sympt\u00f4mes, traitements, envies, repas, activit\u00e9s, ...et tes petits bonheurs !\",\"breadcrumb\":{\"@id\":\"https:\/\/endoyellow.com\/index.php\/endojournal\/#breadcrumb\"},\"inLanguage\":\"fr-FR\",\"potentialAction\":[{\"@type\":\"ReadAction\",\"target\":[\"https:\/\/endoyellow.com\/index.php\/endojournal\/\"]}]},{\"@type\":\"ImageObject\",\"inLanguage\":\"fr-FR\",\"@id\":\"https:\/\/endoyellow.com\/index.php\/endojournal\/#primaryimage\",\"url\":\"https:\/\/endoyellow.com\/wp-content\/uploads\/2020\/03\/endoyellow.com-EndoJournal-Photo-by-Bookblock-on-Unsplash.jpg\",\"contentUrl\":\"https:\/\/endoyellow.com\/wp-content\/uploads\/2020\/03\/endoyellow.com-EndoJournal-Photo-by-Bookblock-on-Unsplash.jpg\",\"width\":1024,\"height\":512,\"caption\":\"endoyellow.com EndoJournal Photo by Bookblock on Unsplash\"},{\"@type\":\"BreadcrumbList\",\"@id\":\"https:\/\/endoyellow.com\/index.php\/endojournal\/#breadcrumb\",\"itemListElement\":[{\"@type\":\"ListItem\",\"position\":1,\"name\":\"Accueil\",\"item\":\"http:\/\/endoyellow.com\/\"},{\"@type\":\"ListItem\",\"position\":2,\"name\":\"Mon EndoJournal\"}]},{\"@type\":\"WebSite\",\"@id\":\"http:\/\/endoyellow.com\/#website\",\"url\":\"http:\/\/endoyellow.com\/\",\"name\":\"endoyellow\",\"description\":\"Embellir la vie des endogirls !\",\"publisher\":{\"@id\":\"http:\/\/endoyellow.com\/#organization\"},\"potentialAction\":[{\"@type\":\"SearchAction\",\"target\":{\"@type\":\"EntryPoint\",\"urlTemplate\":\"http:\/\/endoyellow.com\/?s={search_term_string}\"},\"query-input\":{\"@type\":\"PropertyValueSpecification\",\"valueRequired\":true,\"valueName\":\"search_term_string\"}}],\"inLanguage\":\"fr-FR\"},{\"@type\":\"Organization\",\"@id\":\"http:\/\/endoyellow.com\/#organization\",\"name\":\"endoyellow\",\"url\":\"http:\/\/endoyellow.com\/\",\"logo\":{\"@type\":\"ImageObject\",\"inLanguage\":\"fr-FR\",\"@id\":\"http:\/\/endoyellow.com\/#\/schema\/logo\/image\/\",\"url\":\"https:\/\/endoyellow.com\/wp-content\/uploads\/2019\/11\/cropped-logo.png\",\"contentUrl\":\"https:\/\/endoyellow.com\/wp-content\/uploads\/2019\/11\/cropped-logo.png\",\"width\":500,\"height\":167,\"caption\":\"endoyellow\"},\"image\":{\"@id\":\"http:\/\/endoyellow.com\/#\/schema\/logo\/image\/\"},\"sameAs\":[\"https:\/\/x.com\/endoyellow\",\"https:\/\/www.instagram.com\/endoyellow\/\"]}]}<\/script>\n<!-- \/ Yoast SEO plugin. -->","yoast_head_json":{"title":"Mon EndoJournal - endoyellow","description":"Pour mieux vivre avec ton endom\u00e9triose, voici un journal r\u00e9unissant tes sympt\u00f4mes, traitements, envies, repas, activit\u00e9s, ...et tes petits bonheurs !","robots":{"index":"index","follow":"follow","max-snippet":"max-snippet:-1","max-image-preview":"max-image-preview:large","max-video-preview":"max-video-preview:-1"},"canonical":"https:\/\/endoyellow.com\/index.php\/endojournal\/","og_locale":"fr_FR","og_type":"article","og_title":"Mon EndoJournal - endoyellow","og_description":"Pour mieux vivre avec ton endom\u00e9triose, voici un journal r\u00e9unissant tes sympt\u00f4mes, traitements, envies, repas, activit\u00e9s, ...et tes petits bonheurs !","og_url":"https:\/\/endoyellow.com\/index.php\/endojournal\/","og_site_name":"endoyellow","article_modified_time":"2020-03-22T21:09:58+00:00","og_image":[{"width":1024,"height":512,"url":"https:\/\/endoyellow.com\/wp-content\/uploads\/2020\/03\/endoyellow.com-EndoJournal-Photo-by-Bookblock-on-Unsplash.jpg","type":"image\/jpeg"}],"twitter_card":"summary_large_image","twitter_site":"@endoyellow","twitter_misc":{"Dur\u00e9e de lecture estim\u00e9e":"1 minute"},"schema":{"@context":"https:\/\/schema.org","@graph":[{"@type":"WebPage","@id":"https:\/\/endoyellow.com\/index.php\/endojournal\/","url":"https:\/\/endoyellow.com\/index.php\/endojournal\/","name":"Mon EndoJournal - endoyellow","isPartOf":{"@id":"http:\/\/endoyellow.com\/#website"},"primaryImageOfPage":{"@id":"https:\/\/endoyellow.com\/index.php\/endojournal\/#primaryimage"},"image":{"@id":"https:\/\/endoyellow.com\/index.php\/endojournal\/#primaryimage"},"thumbnailUrl":"https:\/\/endoyellow.com\/wp-content\/uploads\/2020\/03\/endoyellow.com-EndoJournal-Photo-by-Bookblock-on-Unsplash.jpg","datePublished":"2020-03-22T13:15:26+00:00","dateModified":"2020-03-22T21:09:58+00:00","description":"Pour mieux vivre avec ton endom\u00e9triose, voici un journal r\u00e9unissant tes sympt\u00f4mes, traitements, envies, repas, activit\u00e9s, ...et tes petits bonheurs !","breadcrumb":{"@id":"https:\/\/endoyellow.com\/index.php\/endojournal\/#breadcrumb"},"inLanguage":"fr-FR","potentialAction":[{"@type":"ReadAction","target":["https:\/\/endoyellow.com\/index.php\/endojournal\/"]}]},{"@type":"ImageObject","inLanguage":"fr-FR","@id":"https:\/\/endoyellow.com\/index.php\/endojournal\/#primaryimage","url":"https:\/\/endoyellow.com\/wp-content\/uploads\/2020\/03\/endoyellow.com-EndoJournal-Photo-by-Bookblock-on-Unsplash.jpg","contentUrl":"https:\/\/endoyellow.com\/wp-content\/uploads\/2020\/03\/endoyellow.com-EndoJournal-Photo-by-Bookblock-on-Unsplash.jpg","width":1024,"height":512,"caption":"endoyellow.com EndoJournal Photo by Bookblock on Unsplash"},{"@type":"BreadcrumbList","@id":"https:\/\/endoyellow.com\/index.php\/endojournal\/#breadcrumb","itemListElement":[{"@type":"ListItem","position":1,"name":"Accueil","item":"http:\/\/endoyellow.com\/"},{"@type":"ListItem","position":2,"name":"Mon EndoJournal"}]},{"@type":"WebSite","@id":"http:\/\/endoyellow.com\/#website","url":"http:\/\/endoyellow.com\/","name":"endoyellow","description":"Embellir la vie des endogirls !","publisher":{"@id":"http:\/\/endoyellow.com\/#organization"},"potentialAction":[{"@type":"SearchAction","target":{"@type":"EntryPoint","urlTemplate":"http:\/\/endoyellow.com\/?s={search_term_string}"},"query-input":{"@type":"PropertyValueSpecification","valueRequired":true,"valueName":"search_term_string"}}],"inLanguage":"fr-FR"},{"@type":"Organization","@id":"http:\/\/endoyellow.com\/#organization","name":"endoyellow","url":"http:\/\/endoyellow.com\/","logo":{"@type":"ImageObject","inLanguage":"fr-FR","@id":"http:\/\/endoyellow.com\/#\/schema\/logo\/image\/","url":"https:\/\/endoyellow.com\/wp-content\/uploads\/2019\/11\/cropped-logo.png","contentUrl":"https:\/\/endoyellow.com\/wp-content\/uploads\/2019\/11\/cropped-logo.png","width":500,"height":167,"caption":"endoyellow"},"image":{"@id":"http:\/\/endoyellow.com\/#\/schema\/logo\/image\/"},"sameAs":["https:\/\/x.com\/endoyellow","https:\/\/www.instagram.com\/endoyellow\/"]}]}},"_links":{"self":[{"href":"https:\/\/endoyellow.com\/index.php\/wp-json\/wp\/v2\/pages\/47","targetHints":{"allow":["GET"]}}],"collection":[{"href":"https:\/\/endoyellow.com\/index.php\/wp-json\/wp\/v2\/pages"}],"about":[{"href":"https:\/\/endoyellow.com\/index.php\/wp-json\/wp\/v2\/types\/page"}],"author":[{"embeddable":true,"href":"https:\/\/endoyellow.com\/index.php\/wp-json\/wp\/v2\/users\/1"}],"replies":[{"embeddable":true,"href":"https:\/\/endoyellow.com\/index.php\/wp-json\/wp\/v2\/comments?post=47"}],"version-history":[{"count":8,"href":"https:\/\/endoyellow.com\/index.php\/wp-json\/wp\/v2\/pages\/47\/revisions"}],"predecessor-version":[{"id":467,"href":"https:\/\/endoyellow.com\/index.php\/wp-json\/wp\/v2\/pages\/47\/revisions\/467"}],"wp:featuredmedia":[{"embeddable":true,"href":"https:\/\/endoyellow.com\/index.php\/wp-json\/wp\/v2\/media\/444"}],"wp:attachment":[{"href":"https:\/\/endoyellow.com\/index.php\/wp-json\/wp\/v2\/media?parent=47"}],"curies":[{"name":"wp","href":"https:\/\/api.w.org\/{rel}","templated":true}]}}